{"id":925,"date":"2016-03-03T21:30:00","date_gmt":"2016-03-03T20:30:00","guid":{"rendered":"http:\/\/www.amaplaneteblanquefort.fr\/wordpress\/?page_id=925"},"modified":"2025-09-05T12:59:13","modified_gmt":"2025-09-05T10:59:13","slug":"la-peche","status":"publish","type":"page","link":"https:\/\/www.amaplaneteblanquefort.fr\/wordpress\/nos-producteurs\/la-peche\/","title":{"rendered":"La p\u00eache avec Olivier"},"content":{"rendered":"<p>&nbsp;<\/p>\n<p><a href=\"http:\/\/www.amaplaneteblanquefort.fr\/wordpress\/wp-content\/uploads\/2015\/07\/olivier.jpg\"><img loading=\"lazy\" decoding=\"async\" class=\"aligncenter size-medium wp-image-5757\" src=\"http:\/\/www.amaplaneteblanquefort.fr\/wordpress\/wp-content\/uploads\/2015\/07\/olivier-300x200.jpg\" alt=\"olivier\" width=\"300\" height=\"200\" srcset=\"https:\/\/www.amaplaneteblanquefort.fr\/wordpress\/wp-content\/uploads\/2015\/07\/olivier-300x200.jpg 300w, https:\/\/www.amaplaneteblanquefort.fr\/wordpress\/wp-content\/uploads\/2015\/07\/olivier.jpg 480w\" sizes=\"auto, (max-width: 300px) 100vw, 300px\" \/><\/a><\/p>\n<p>Olivier Argelas est marin p\u00eacheur issu d&rsquo;une famille ancr\u00e9e depuis des g\u00e9n\u00e9rations sur la presqu&rsquo;\u00eele de L\u00e8ge-Cap Ferret. Ses activit\u00e9s de p\u00eache l&#8217;emm\u00e8nent \u00e0 l&rsquo;ext\u00e9rieur du Bassin.\u00a0 Aussi la travers\u00e9e des d\u00e9licates passes du Bassin d&rsquo;Arcachon fait-elle partie de son quotidien.<\/p>\n<p>Olivier\u00a0 nous propose soles, bar, seiches, merlus, dorades, maigres, roussettes, grondins, vives etc\u2026. et uniquement ultra frais car p\u00each\u00e9s de la veille voire de la nuit m\u00eame.<\/p>\n<p>Contrat r\u00e9gulier : 1 fois par mois de septembre \u00e0 juin soit un engagement sur 10 mois<\/p>\n<p>En fonction des al\u00e9as climatiques, la livraison (pr\u00e9vue le 1er jeudi de chaque mois) peut \u00eatre d\u00e9cal\u00e9e . Caisse de 3 kg de poissons<\/p>\n<p>&nbsp;<\/p>\n","protected":false},"excerpt":{"rendered":"<p>&nbsp; Olivier Argelas est marin p\u00eacheur issu d&rsquo;une famille ancr\u00e9e depuis des g\u00e9n\u00e9rations sur la presqu&rsquo;\u00eele de L\u00e8ge-Cap Ferret. Ses activit\u00e9s de p\u00eache l&#8217;emm\u00e8nent \u00e0 l&rsquo;ext\u00e9rieur du Bassin.\u00a0 Aussi la travers\u00e9e des d\u00e9licates passes du Bassin d&rsquo;Arcachon fait-elle partie de son quotidien. Olivier\u00a0 nous propose soles, bar, seiches, merlus, dorades, maigres, roussettes, grondins, vives etc\u2026. &hellip; <a href=\"https:\/\/www.amaplaneteblanquefort.fr\/wordpress\/nos-producteurs\/la-peche\/\" class=\"more-link\">Continuer la lecture de <span class=\"screen-reader-text\">La p\u00eache avec Olivier<\/span> <span class=\"meta-nav\">&rarr;<\/span><\/a><\/p>\n","protected":false},"author":1,"featured_media":0,"parent":10,"menu_order":0,"comment_status":"closed","ping_status":"closed","template":"","meta":{"footnotes":""},"class_list":["post-925","page","type-page","status-publish","hentry"],"_links":{"self":[{"href":"https:\/\/www.amaplaneteblanquefort.fr\/wordpress\/wp-json\/wp\/v2\/pages\/925","targetHints":{"allow":["GET"]}}],"collection":[{"href":"https:\/\/www.amaplaneteblanquefort.fr\/wordpress\/wp-json\/wp\/v2\/pages"}],"about":[{"href":"https:\/\/www.amaplaneteblanquefort.fr\/wordpress\/wp-json\/wp\/v2\/types\/page"}],"author":[{"embeddable":true,"href":"https:\/\/www.amaplaneteblanquefort.fr\/wordpress\/wp-json\/wp\/v2\/users\/1"}],"replies":[{"embeddable":true,"href":"https:\/\/www.amaplaneteblanquefort.fr\/wordpress\/wp-json\/wp\/v2\/comments?post=925"}],"version-history":[{"count":12,"href":"https:\/\/www.amaplaneteblanquefort.fr\/wordpress\/wp-json\/wp\/v2\/pages\/925\/revisions"}],"predecessor-version":[{"id":14612,"href":"https:\/\/www.amaplaneteblanquefort.fr\/wordpress\/wp-json\/wp\/v2\/pages\/925\/revisions\/14612"}],"up":[{"embeddable":true,"href":"https:\/\/www.amaplaneteblanquefort.fr\/wordpress\/wp-json\/wp\/v2\/pages\/10"}],"wp:attachment":[{"href":"https:\/\/www.amaplaneteblanquefort.fr\/wordpress\/wp-json\/wp\/v2\/media?parent=925"}],"curies":[{"name":"wp","href":"https:\/\/api.w.org\/{rel}","templated":true}]}}